{"id":49,"date":"2019-05-19T05:23:03","date_gmt":"2019-05-19T05:23:03","guid":{"rendered":"http:\/\/about.eqbal.ac.ir\/en\/?page_id=49"},"modified":"2019-05-19T05:30:51","modified_gmt":"2019-05-19T05:30:51","slug":"about","status":"publish","type":"page","link":"https:\/\/about.eqbal.ac.ir\/en\/about\/","title":{"rendered":"About"},"content":{"rendered":"<p>Allama Muhammad Iqbal, also spelled Muhammad Ikbal, (born November 9, 1877, Sialkot, Punjab, India [now in Pakistan]\u2014died April 21, 1938, Lahore, Punjab), poet and philosopher, known for his influential efforts to direct his fellow Muslims in British-administered India toward the establishment of a separate Muslim state, an aspiration that was eventually realized in the country of Pakistan. He was knighted in 1922.<br \/>\n.<br \/>\nEarly Life And Career<br \/>\nIqbal was born at Sialkot, India (now in Pakistan), of a pious family of small merchants and was educated at Government College, Lahore. In Europe from 1905 to 1908, he earned his degree in philosophy from the University of Cambridge, qualified as a barrister in London, and received a doctorate from the University of Munich. His thesis, The Development of Metaphysics in Persia, revealed some aspects of Islamic mysticism formerly unknown in Europe.<br \/>\nOn his return from Europe, he gained his livelihood by the practice of law, but his fame came from his Persian- and Urdu-language poetry, which was written in the classical style for public recitation. Through poetic symposia and in a milieu in which memorizing verse was customary, his poetry became widely known, even among the illiterate. Almost all the cultured Indian and Pakistani Muslims of his and later generations have had the habit of quoting Iqbal.<br \/>\nBefore he visited Europe, his poetry affirmed Indian nationalism, as in Nay\u0101shaw\u0101l\u0101 (\u201cThe New Altar\u201d), but time away from India caused him to shift his perspective. He came to criticize nationalism for a twofold reason: in Europe it had led to destructive racism and imperialism, and in India it was not founded on an adequate degree of common purpose. In a speech delivered at Aligarh in 1910, under the title \u201cIslam as a Social and Political Ideal,\u201d he indicated the new Pan-Islamic direction of his hopes. The recurrent themes of Iqbal\u2019s poetry are a memory of the vanished glories of Islam, a complaint about its present decadence, and a call to unity and reform. Reform can be achieved by strengthening the individual through three successive stages: obedience to the law of Islam, self-control, and acceptance of the idea that everyone is potentially a vicegerent of God (n\u0101\u02beib, or mu\u02bemin). Furthermore, the life of action is to be preferred to ascetic resignation.<br \/>\nThree significant poems from this period, Shikwah (\u201cThe Complaint\u201d), Jaw\u0101b-e shikwah (\u201cThe Answer to the Complaint\u201d), and Khizr-e r\u0101h (\u201cKhizr, the Guide\u201d), were published later in 1924 in the Urdu collection B\u0101ng-e dar\u0101 (\u201cThe Call of the Bell\u201d). In those works Iqbal gave intense expression to the anguish of Muslim powerlessness. Khizr (Arabic: Khi\u1e0dr), the Qur\u02be\u0101nic prophet who asks the most difficult questions, is pictured bringing from God the baffling problems of the early 20th century.<br \/>\nNotoriety came in 1915 with the publication of his long Persian poem Asr\u0101r-e kh\u016bd\u012b (The Secrets of the Self). He wrote in Persian because he sought to address his appeal to the entire Muslim world. In this work he presents a theory of the self that is a strong condemnation of the self-negating quietism (i.e., the belief that perfection and spiritual peace are attained by passive absorption in contemplation of God and divine things) of classical Islamic mysticism; his criticism shocked many and excited controversy. Iqbal and his admirers steadily maintained that creative self-affirmation is a fundamental Muslim virtue; his critics said he imposed themes from the German philosopher Friedrich Nietzsche on Islam.<br \/>\nThe dialectical quality of his thinking was expressed by the next long Persian poem, Rum\u016bz-e b\u012bkh\u016bd\u012b (1918; The Mysteries of Selflessness). Written as a counterpoint to the individualism preached in the Asr\u0101r-e kh\u016bd\u012b, this poem called for self-surrender.<br \/>\nLo, like a candle wrestling with the night<br \/>\nO\u2019er my own self I pour my flooding tears.<br \/>\nI spent my self, that there might be more light,<br \/>\nMore loveliness, more joy for other men<\/p>\n<p>The Muslim community, as Iqbal conceived it, ought effectively to teach and to encourage generous service to the ideals of brotherhood and justice. The mystery of selflessness was the hidden strength of Islam. Ultimately, the only satisfactory mode of active self-realization was the sacrifice of the self in the service of causes greater than the self. The paradigm was the life of the Prophet Muhammad and the devoted service of the first believers. The second poem completes Iqbal\u2019s conception of the final destiny of the self.<\/p>\n<p>Later he published three more Persian volumes. Pay\u0101m-e Mashriq (1923; \u201cMessage of the East\u201d), written in response to Johann Wolfgang von Goethe\u2019s West-\u00f6stlicher Divan (1819; \u201cDivan of West and East\u201d), affirmed the universal validity of Islam. In 1927 Zab\u016br-e \u02bfAjam (\u201cPersian Psalms\u201d) appeared, about which A.J. Arberry, its translator into English, wrote that \u201cIqbal displayed here an altogether extraordinary talent for the most delicate and delightful of all Persian styles, the ghazal,\u201d or love poem. J\u0101v\u012bd-n\u0101meh (1932; \u201cThe Song of Eternity\u201d) is considered Iqbal\u2019s masterpiece. Its theme, reminiscent of Dante\u2019s Divine Comedy, is the ascent of the poet, guided by the great 13th-century Persian mystic Jal\u0101l al-D\u012bnR\u016bm\u012b, through all the realms of thought and experience to the final encounter.<\/p>\n<p>Iqbal\u2019s later publications of poetry in Urdu were B\u0101l-e Jibr\u012bl (1935; \u201cGabriel\u2019s Wing\u201d), Zarb-e kal\u012bm (1937; \u201cThe Blow of Moses\u201d), and the posthumous Armagh\u0101n-e Hij\u0101z (1938; \u201cGift of the Hejaz\u201d), which contained verses in both Urdu and Persian. He is considered the greatest poet in Urdu of the 20th century<br \/>\nPhilosophical Position And Influence<br \/>\nHis philosophical position was articulated in The Reconstruction of Religious Thought in Islam (1934), a volume based on six lectures delivered at Madras (now Chennai), Hyderabad, and Aligarh in 1928\u201329. He argued that a rightly focused man should unceasingly generate vitality through interaction with the purposes of the living God. The Prophet Muhammad had returned from his unitary experience of God to let loose on the earth a new type of manhood and a cultural world characterized by the abolition of priesthood and hereditary kingship and by an emphasis on the study of history and nature. The Muslim community in the present age ought, through the exercise of ijtih\u0101d\u2014the principle of legal advancement\u2014to devise new social and political institutions. He also advocated a theory of ijm\u0101\u02bf\u2014consensus. Iqbal tended to be progressive in adumbrating general principles of change but conservative in initiating actual change.<br \/>\nDuring the time that he was delivering those lectures, Iqbal began working with the Muslim League. At the annual session of the league at Allahabad in 1930, he gave the presidential address, in which he made a famous statement that the Muslims of northwestern India should demand status as a separate state.<br \/>\nAfter a long period of ill health, Iqbal died in April 1938 and was buried in front of the great Badshahi Mosque in Lahore. Two years later the Muslim League voted for the idea of Pakistan. That the poet had influenced the making of that decision, which became a reality in 1947, is undisputed. He has been acclaimed as the father of Pakistan, and every year Iqbal Day is celebrated by Pakistanis.<br \/>\nSheila D. McDonough..<\/p>\n","protected":false},"excerpt":{"rendered":"<p>Allama Muhammad Iqbal, also spelled Muhammad Ikbal, (born November 9, 1877, Sialkot, Punjab, India [now in Pakistan]\u2014died April 21, 1938, Lahore, Punjab), poet and philosopher, known for his influential efforts to direct his fellow Muslims in British-administered India toward the establishment of a separate Muslim state, an aspiration that was eventually realized in the country [&hellip;]<\/p>\n","protected":false},"author":1,"featured_media":0,"parent":0,"menu_order":0,"comment_status":"closed","ping_status":"closed","template":"","meta":{"footnotes":""},"class_list":["post-49","page","type-page","status-publish","hentry","has_no_thumb"],"yoast_head":"<!-- This site is optimized with the Yoast SEO plugin v26.9 - https:\/\/yoast.com\/product\/yoast-seo-wordpress\/ -->\n<title>About - Allama Muhammad Iqbal<\/title>\n<meta name=\"robots\" content=\"index, follow, max-snippet:-1, max-image-preview:large, max-video-preview:-1\" \/>\n<link rel=\"canonical\" href=\"https:\/\/about.eqbal.ac.ir\/en\/about\/\" \/>\n<meta property=\"og:locale\" content=\"en_US\" \/>\n<meta property=\"og:type\" content=\"article\" \/>\n<meta property=\"og:title\" content=\"About - Allama Muhammad Iqbal\" \/>\n<meta property=\"og:description\" content=\"Allama Muhammad Iqbal, also spelled Muhammad Ikbal, (born November 9, 1877, Sialkot, Punjab, India [now in Pakistan]\u2014died April 21, 1938, Lahore, Punjab), poet and philosopher, known for his influential efforts to direct his fellow Muslims in British-administered India toward the establishment of a separate Muslim state, an aspiration that was eventually realized in the country [&hellip;]\" \/>\n<meta property=\"og:url\" content=\"https:\/\/about.eqbal.ac.ir\/en\/about\/\" \/>\n<meta property=\"og:site_name\" content=\"Allama Muhammad Iqbal\" \/>\n<meta property=\"article:publisher\" content=\"https:\/\/www.facebook.com\/eqballahoorieducation\/\" \/>\n<meta property=\"article:modified_time\" content=\"2019-05-19T05:30:51+00:00\" \/>\n<meta name=\"twitter:card\" content=\"summary_large_image\" \/>\n<meta name=\"twitter:site\" content=\"@eqballahoori\" \/>\n<meta name=\"twitter:label1\" content=\"Est. reading time\" \/>\n\t<meta name=\"twitter:data1\" content=\"6 minutes\" \/>\n<script type=\"application\/ld+json\" class=\"yoast-schema-graph\">{\"@context\":\"https:\/\/schema.org\",\"@graph\":[{\"@type\":\"WebPage\",\"@id\":\"https:\/\/about.eqbal.ac.ir\/en\/about\/\",\"url\":\"https:\/\/about.eqbal.ac.ir\/en\/about\/\",\"name\":\"About - Allama Muhammad Iqbal\",\"isPartOf\":{\"@id\":\"https:\/\/about.eqbal.ac.ir\/en\/#website\"},\"datePublished\":\"2019-05-19T05:23:03+00:00\",\"dateModified\":\"2019-05-19T05:30:51+00:00\",\"breadcrumb\":{\"@id\":\"https:\/\/about.eqbal.ac.ir\/en\/about\/#breadcrumb\"},\"inLanguage\":\"en-US\",\"potentialAction\":[{\"@type\":\"ReadAction\",\"target\":[\"https:\/\/about.eqbal.ac.ir\/en\/about\/\"]}]},{\"@type\":\"BreadcrumbList\",\"@id\":\"https:\/\/about.eqbal.ac.ir\/en\/about\/#breadcrumb\",\"itemListElement\":[{\"@type\":\"ListItem\",\"position\":1,\"name\":\"Home\",\"item\":\"https:\/\/about.eqbal.ac.ir\/en\/\"},{\"@type\":\"ListItem\",\"position\":2,\"name\":\"About\"}]},{\"@type\":\"WebSite\",\"@id\":\"https:\/\/about.eqbal.ac.ir\/en\/#website\",\"url\":\"https:\/\/about.eqbal.ac.ir\/en\/\",\"name\":\"Allama Muhammad Iqbal\",\"description\":\"POET AND PHILOSOPHER\",\"potentialAction\":[{\"@type\":\"SearchAction\",\"target\":{\"@type\":\"EntryPoint\",\"urlTemplate\":\"https:\/\/about.eqbal.ac.ir\/en\/?s={search_term_string}\"},\"query-input\":{\"@type\":\"PropertyValueSpecification\",\"valueRequired\":true,\"valueName\":\"search_term_string\"}}],\"inLanguage\":\"en-US\"}]}<\/script>\n<!-- \/ Yoast SEO plugin. -->","yoast_head_json":{"title":"About - Allama Muhammad Iqbal","robots":{"index":"index","follow":"follow","max-snippet":"max-snippet:-1","max-image-preview":"max-image-preview:large","max-video-preview":"max-video-preview:-1"},"canonical":"https:\/\/about.eqbal.ac.ir\/en\/about\/","og_locale":"en_US","og_type":"article","og_title":"About - Allama Muhammad Iqbal","og_description":"Allama Muhammad Iqbal, also spelled Muhammad Ikbal, (born November 9, 1877, Sialkot, Punjab, India [now in Pakistan]\u2014died April 21, 1938, Lahore, Punjab), poet and philosopher, known for his influential efforts to direct his fellow Muslims in British-administered India toward the establishment of a separate Muslim state, an aspiration that was eventually realized in the country [&hellip;]","og_url":"https:\/\/about.eqbal.ac.ir\/en\/about\/","og_site_name":"Allama Muhammad Iqbal","article_publisher":"https:\/\/www.facebook.com\/eqballahoorieducation\/","article_modified_time":"2019-05-19T05:30:51+00:00","twitter_card":"summary_large_image","twitter_site":"@eqballahoori","twitter_misc":{"Est. reading time":"6 minutes"},"schema":{"@context":"https:\/\/schema.org","@graph":[{"@type":"WebPage","@id":"https:\/\/about.eqbal.ac.ir\/en\/about\/","url":"https:\/\/about.eqbal.ac.ir\/en\/about\/","name":"About - Allama Muhammad Iqbal","isPartOf":{"@id":"https:\/\/about.eqbal.ac.ir\/en\/#website"},"datePublished":"2019-05-19T05:23:03+00:00","dateModified":"2019-05-19T05:30:51+00:00","breadcrumb":{"@id":"https:\/\/about.eqbal.ac.ir\/en\/about\/#breadcrumb"},"inLanguage":"en-US","potentialAction":[{"@type":"ReadAction","target":["https:\/\/about.eqbal.ac.ir\/en\/about\/"]}]},{"@type":"BreadcrumbList","@id":"https:\/\/about.eqbal.ac.ir\/en\/about\/#breadcrumb","itemListElement":[{"@type":"ListItem","position":1,"name":"Home","item":"https:\/\/about.eqbal.ac.ir\/en\/"},{"@type":"ListItem","position":2,"name":"About"}]},{"@type":"WebSite","@id":"https:\/\/about.eqbal.ac.ir\/en\/#website","url":"https:\/\/about.eqbal.ac.ir\/en\/","name":"Allama Muhammad Iqbal","description":"POET AND PHILOSOPHER","potentialAction":[{"@type":"SearchAction","target":{"@type":"EntryPoint","urlTemplate":"https:\/\/about.eqbal.ac.ir\/en\/?s={search_term_string}"},"query-input":{"@type":"PropertyValueSpecification","valueRequired":true,"valueName":"search_term_string"}}],"inLanguage":"en-US"}]}},"_links":{"self":[{"href":"https:\/\/about.eqbal.ac.ir\/en\/wp-json\/wp\/v2\/pages\/49","targetHints":{"allow":["GET"]}}],"collection":[{"href":"https:\/\/about.eqbal.ac.ir\/en\/wp-json\/wp\/v2\/pages"}],"about":[{"href":"https:\/\/about.eqbal.ac.ir\/en\/wp-json\/wp\/v2\/types\/page"}],"author":[{"embeddable":true,"href":"https:\/\/about.eqbal.ac.ir\/en\/wp-json\/wp\/v2\/users\/1"}],"replies":[{"embeddable":true,"href":"https:\/\/about.eqbal.ac.ir\/en\/wp-json\/wp\/v2\/comments?post=49"}],"version-history":[{"count":2,"href":"https:\/\/about.eqbal.ac.ir\/en\/wp-json\/wp\/v2\/pages\/49\/revisions"}],"predecessor-version":[{"id":52,"href":"https:\/\/about.eqbal.ac.ir\/en\/wp-json\/wp\/v2\/pages\/49\/revisions\/52"}],"wp:attachment":[{"href":"https:\/\/about.eqbal.ac.ir\/en\/wp-json\/wp\/v2\/media?parent=49"}],"curies":[{"name":"wp","href":"https:\/\/api.w.org\/{rel}","templated":true}]}}